{"id":1018,"date":"2022-09-14T15:10:32","date_gmt":"2022-09-14T15:10:32","guid":{"rendered":"https:\/\/www.mijnvergelijker.be\/wordpress\/?page_id=1018"},"modified":"2024-10-31T10:05:05","modified_gmt":"2024-10-31T09:05:05","slug":"kbc","status":"publish","type":"page","link":"https:\/\/www.mijnvergelijker.be\/verzekeringen\/verzekeraars\/kbc","title":{"rendered":"KBC"},"content":{"rendered":"\n<section id=\"heroes-text-block_63174cd57ae38\" class=\"heroes-text hero hero--text\">\n    <div class=\"container\">\n                    <h1 class=\"heading-xl mb-md-40\">Wie is KBC?<\/h1>\n                <div class=\"wysiwyg body-lg mb-md-40\">\n            <p>\n            Wie is KBC Verzekeringen en wat doet deze verzekeraar? Lees hieronder alles over hun ontstaan en activiteiten.\r\n            <\/p>\n        <\/div>\n                        <\/section>\n\n\n    <style>\r\n        html {\r\n            scroll-behavior: smooth;\r\n        }\r\n    <\/style>\r\n\r\n            <section class=\"section\">\r\n        <div class=\"container article-smooth\">\r\n        <div class=\"row\">\r\n        <div class=\"col-12 col-md-6 col-lg-8\" id=\"main-article\"  data-anchor-class=\"title\" >\r\n                <!-- <section class=\"section\"> -->\r\n        <div id=\"article-block_6317486d7ae01\"\r\n         class=\"article \">\r\n                                            <h2 class=\"title\" id=\"oprichting\">Oprichting<\/h2>\r\n                                                                        <!-- <div class=\"articleblock\"> -->\r\n                                                                            <section class=\"icp-white-section\" data-icp-block=\"\">\n<div id=\"toc-target-0-oprichting\" class=\"icp-title-aside-block toc-target-section\">\n<div class=\"icp-title-aside-block--content\">\n<div class=\"icp-content \" data-icp-block=\"\">\n<div class=\"icp-content--inner\">\n<section class=\"icp-white-section\" data-icp-block=\"\">\n<div id=\"toc-target-0-oprichting\" class=\"icp-title-aside-block toc-target-section\">\n<div class=\"icp-title-aside-block--content\">\n<div class=\"icp-content \" data-icp-block=\"\">\n<div class=\"icp-content--inner\">De fusie van twee Belgische banken, Kredietbank en CERA Bank, en \u00e9\u00e9n Belgische verzekeraar ABB (Assuranti\u00ebn Belgische Boerenbond) heeft geleid tot het ontstaan van KBC Bankverzekeringsholding. Ook de Bank van Roeselare werd mee in de groep opgenomen. In 2005 wordt de groep uitgebreid met o.a. een netwerk van Europese vermogensbanken door de fusie van KBC Bankverzekeringsholding en de moedermaatschappij Almanij en wijzigt de naam in KBC Groep NV.<\/div>\n<\/div>\n<\/div>\n<\/div>\n<\/section>\n<\/div>\n<\/div>\n<\/div>\n<\/div>\n<\/section>\n                                                <!-- <\/div> -->\r\n                                                                                                    <h2 class=\"title\" id=\"onderdeel-van\">Onderdeel van<\/h2>\r\n                                                                        <!-- <div class=\"articleblock\"> -->\r\n                                                                            <section class=\"icp-white-section\" data-icp-block=\"\">\n<div id=\"toc-target-1-onderdeel-van\" class=\"icp-title-aside-block toc-target-section\">\n<div class=\"icp-title-aside-block--content\">\n<div class=\"icp-content \" data-icp-block=\"\">\n<div class=\"icp-content--inner\">\n<p>KBC Verzekeringen is een dochteronderneming van de KBC Groep NV. De ge\u00efntegreerde bankverzekeraar is vooral actief in Belgi\u00eb, Tsjechi\u00eb, Slowakije, Hongarije, Bulgarije en Ierland met een netwerk van 1.300 bankkantoren. Verzekeringen worden verkocht via eigen agenten en andere kanalen, waaronder diverse elektronische kanalen. Ze stellen 41.000 mensen te werk.<\/p>\n<\/div>\n<\/div>\n<\/div>\n<\/div>\n<\/section>\n<section class=\"icp-white-section\" data-icp-block=\"\">\n<div id=\"toc-target-2-dit-zegt-aedes-over-zichzelf\" class=\"icp-title-aside-block toc-target-section\"><\/div>\n<\/section>\n                                                <!-- <\/div> -->\r\n                                                                                                    <h2 class=\"title\" id=\"dit-zegt-kbc-over-zichzelf\">Dit zegt KBC over zichzelf<\/h2>\r\n                                                                        <!-- <div class=\"articleblock\"> -->\r\n                                                                            <section class=\"icp-white-section\" data-icp-block=\"\">\n<div id=\"toc-target-2-dit-zegt-kbc-over-zichzelf\" class=\"icp-title-aside-block toc-target-section\">\n<div class=\"icp-title-aside-block--content\">\n<div class=\"icp-content \" data-icp-block=\"\">\n<div class=\"icp-content--inner\">\n<p>KBC wil de referentie zijn voor bankverzekeringen in al hun kernmarkten. Deze strategie steunt op 4 basisprincipes: klanten een unieke bankverzekeringservaring bezorgen, het realiseren van een duurzame en rendabele groei van de groep op lange termijn, de klant centraal stellen en verantwoordelijkheid nemen ten opzichte van lokale economie\u00ebn en ten opzichte van de samenleving.<\/p>\n<\/div>\n<\/div>\n<\/div>\n<\/div>\n<\/section>\n                                                <!-- <\/div> -->\r\n                                                                                                    <h2 class=\"title\" id=\"welke-verzekeringen-biedt-kbc-aan\">Welke verzekeringen biedt KBC aan?<\/h2>\r\n                                                                        <!-- <div class=\"articleblock\"> -->\r\n                                                                            <p>Je kan voor volgende verzekeringen bij KBC terecht:<\/p>\n                                                <!-- <\/div> -->\r\n                                            <!-- <div class=\"articleblock\"> -->\r\n                        <h3 class=\"heading heading--three heading-md subtitle\" id=\"mobiliteit\" >Mobiliteit<\/h3>                                                    <ul>\n<li>Autoverzekering<\/li>\n<li>Motorverzekering<\/li>\n<li>Fietsverzekering<\/li>\n<li>\u2026<\/li>\n<\/ul>\n                                                <!-- <\/div> -->\r\n                                            <!-- <div class=\"articleblock\"> -->\r\n                        <h3 class=\"heading heading--three heading-md subtitle\" id=\"woning\" >Woning<\/h3>                                                    <ul>\n<li>Brandverzekering<\/li>\n<li>Gewaarborgd wonen<\/li>\n<li>Schuldsaldoverzekering<\/li>\n<li>\u2026<\/li>\n<\/ul>\n                                                <!-- <\/div> -->\r\n                                            <!-- <div class=\"articleblock\"> -->\r\n                        <h3 class=\"heading heading--three heading-md subtitle\" id=\"gezondheid\" >Gezondheid<\/h3>                                                    <ul>\n<li>Ongevallenverzekering<\/li>\n<li>Hospitalisatieverzekering<\/li>\n<li>\u2026<\/li>\n<\/ul>\n                                                <!-- <\/div> -->\r\n                                            <!-- <div class=\"articleblock\"> -->\r\n                        <h3 class=\"heading heading--three heading-md subtitle\" id=\"gezin\" >Gezin<\/h3>                                                    <ul>\n<li>Familiale verzekeringen<\/li>\n<li>Ongevallen priv\u00e9leven<\/li>\n<li>\u2026<\/li>\n<\/ul>\n                                                <!-- <\/div> -->\r\n                                            <!-- <div class=\"articleblock\"> -->\r\n                        <h3 class=\"heading heading--three heading-md subtitle\" id=\"reisverzekering\" >Reisverzekering<\/h3>                                                <!-- <\/div> -->\r\n                                                                                                    <h2 class=\"title\" id=\"contact-kbc\">Contact KBC<\/h2>\r\n                                                                        <!-- <div class=\"articleblock\"> -->\r\n                        <h3 class=\"heading heading--three heading-md subtitle\" id=\"hoofdzetel-kbc\" >Hoofdzetel KBC:<\/h3>                                                    <p>Adres hoofdzetel:\u00a0Havenlaan 2, 1080 Brussel<br \/>\ntel:\u00a0078 152 153<\/p>\n                                                <!-- <\/div> -->\r\n                                                                    <\/div>\r\n    <br>\r\n        <\/div>\r\n\r\n    <div class=\"col-12 col-md-6 col-lg-4\">\r\n                <div class=\"sticky\">\r\n            <div class=\"summary summary--anchors\">\r\n                <div id=\"summary-anchors\">\r\n                                            <h3>Inhoudsopgave<\/h3>\r\n                                    <\/div>\r\n            <\/div>\r\n            <div class=\"summary summary--links\">\r\n                <div class=\"summary--links-list\">\r\n                                            <h3>Lees ook meer over<\/h3>\r\n                                        <a class=\"summary--links-list--link\" href=\"\/verzekeringen\/verzekeraars\"><span>Onze verzekeraars<\/span><\/a>                <\/div>\r\n            <\/div>\r\n        <\/div>\r\n    <\/div>\r\n\r\n    <\/div>\r\n    <\/div>\r\n    <!-- <\/section> -->\r\n        <\/section>\r\n","protected":false},"excerpt":{"rendered":"","protected":false},"author":1,"featured_media":0,"parent":731,"menu_order":0,"comment_status":"closed","ping_status":"closed","template":"","meta":{"footnotes":""},"class_list":["post-1018","page","type-page","status-publish","hentry"],"acf":[],"yoast_head":"<!-- This site is optimized with the Yoast SEO Premium plugin v23.4 (Yoast SEO v23.4) - https:\/\/yoast.com\/wordpress\/plugins\/seo\/ -->\n<title>KBC - Verzekeraar - Mijnvergelijker.be<\/title>\n<meta name=\"description\" content=\"Wie is KBC en wat doen ze? Ontdek het hier.\" \/>\n<meta name=\"robots\" content=\"index, follow, max-snippet:-1, max-image-preview:large, max-video-preview:-1\" \/>\n<link rel=\"canonical\" href=\"https:\/\/www.mijnvergelijker.be\/verzekeringen\/verzekeraars\/kbc\" \/>\n<meta property=\"og:locale\" content=\"nl_BE\" \/>\n<meta property=\"og:type\" content=\"article\" \/>\n<meta property=\"og:title\" content=\"KBC\" \/>\n<meta property=\"og:description\" content=\"Wie is KBC en wat doen ze? Ontdek het hier.\" \/>\n<meta property=\"og:url\" content=\"https:\/\/www.mijnvergelijker.be\/verzekeringen\/verzekeraars\/kbc\" \/>\n<meta property=\"og:site_name\" content=\"Mijnvergelijker.be\" \/>\n<meta property=\"article:publisher\" content=\"https:\/\/www.facebook.com\/Mijnvergelijker\/\" \/>\n<meta property=\"article:modified_time\" content=\"2024-10-31T09:05:05+00:00\" \/>\n<meta property=\"og:image\" content=\"https:\/\/www.mijnvergelijker.be\/wordpress\/wp-content\/uploads\/2024\/09\/Algemeen_met-slogan_NL@.png\" \/>\n\t<meta property=\"og:image:width\" content=\"2444\" \/>\n\t<meta property=\"og:image:height\" content=\"418\" \/>\n\t<meta property=\"og:image:type\" content=\"image\/png\" \/>\n<meta name=\"twitter:card\" content=\"summary_large_image\" \/>\n<script type=\"application\/ld+json\" class=\"yoast-schema-graph\">{\"@context\":\"https:\/\/schema.org\",\"@graph\":[{\"@type\":\"WebPage\",\"@id\":\"https:\/\/www.mijnvergelijker.be\/verzekeringen\/verzekeraars\/kbc\",\"url\":\"https:\/\/www.mijnvergelijker.be\/verzekeringen\/verzekeraars\/kbc\",\"name\":\"KBC - Verzekeraar - Mijnvergelijker.be\",\"isPartOf\":{\"@id\":\"https:\/\/www.mijnvergelijker.be\/#website\"},\"datePublished\":\"2022-09-14T15:10:32+00:00\",\"dateModified\":\"2024-10-31T09:05:05+00:00\",\"description\":\"Wie is KBC en wat doen ze? Ontdek het hier.\",\"breadcrumb\":{\"@id\":\"https:\/\/www.mijnvergelijker.be\/verzekeringen\/verzekeraars\/kbc#breadcrumb\"},\"inLanguage\":\"nl-BE\",\"potentialAction\":[{\"@type\":\"ReadAction\",\"target\":[\"https:\/\/www.mijnvergelijker.be\/verzekeringen\/verzekeraars\/kbc\"]}]},{\"@type\":\"BreadcrumbList\",\"@id\":\"https:\/\/www.mijnvergelijker.be\/verzekeringen\/verzekeraars\/kbc#breadcrumb\",\"itemListElement\":[{\"@type\":\"ListItem\",\"position\":1,\"name\":\"Home\",\"item\":\"https:\/\/www.mijnvergelijker.be\/\"},{\"@type\":\"ListItem\",\"position\":2,\"name\":\"Verzekeringen\",\"item\":\"https:\/\/www.mijnvergelijker.be\/verzekeringen\"},{\"@type\":\"ListItem\",\"position\":3,\"name\":\"Verzekeraars\",\"item\":\"https:\/\/www.mijnvergelijker.be\/verzekeringen\/verzekeraars\"},{\"@type\":\"ListItem\",\"position\":4,\"name\":\"KBC\"}]},{\"@type\":\"WebSite\",\"@id\":\"https:\/\/www.mijnvergelijker.be\/#website\",\"url\":\"https:\/\/www.mijnvergelijker.be\/\",\"name\":\"MIjnvergelijker.be\",\"description\":\"\",\"publisher\":{\"@id\":\"https:\/\/www.mijnvergelijker.be\/#organization\"},\"potentialAction\":[{\"@type\":\"SearchAction\",\"target\":{\"@type\":\"EntryPoint\",\"urlTemplate\":\"https:\/\/www.mijnvergelijker.be\/?s={search_term_string}\"},\"query-input\":\"required name=search_term_string\"}],\"inLanguage\":\"nl-BE\"},{\"@type\":\"Organization\",\"@id\":\"https:\/\/www.mijnvergelijker.be\/#organization\",\"name\":\"Mijnvergelijker.be\",\"url\":\"https:\/\/www.mijnvergelijker.be\/\",\"logo\":{\"@type\":\"ImageObject\",\"inLanguage\":\"nl-BE\",\"@id\":\"https:\/\/www.mijnvergelijker.be\/#\/schema\/logo\/image\/\",\"url\":\"https:\/\/www.mijnvergelijker.be\/wordpress\/wp-content\/uploads\/2024\/09\/Algemeen_met-slogan_NL@.png\",\"contentUrl\":\"https:\/\/www.mijnvergelijker.be\/wordpress\/wp-content\/uploads\/2024\/09\/Algemeen_met-slogan_NL@.png\",\"width\":2444,\"height\":418,\"caption\":\"Mijnvergelijker.be\"},\"image\":{\"@id\":\"https:\/\/www.mijnvergelijker.be\/#\/schema\/logo\/image\/\"},\"sameAs\":[\"https:\/\/www.facebook.com\/Mijnvergelijker\/\"]}]}<\/script>\n<!-- \/ Yoast SEO Premium plugin. -->","yoast_head_json":{"title":"KBC - Verzekeraar - Mijnvergelijker.be","description":"Wie is KBC en wat doen ze? Ontdek het hier.","robots":{"index":"index","follow":"follow","max-snippet":"max-snippet:-1","max-image-preview":"max-image-preview:large","max-video-preview":"max-video-preview:-1"},"canonical":"https:\/\/www.mijnvergelijker.be\/verzekeringen\/verzekeraars\/kbc","og_locale":"nl_BE","og_type":"article","og_title":"KBC","og_description":"Wie is KBC en wat doen ze? Ontdek het hier.","og_url":"https:\/\/www.mijnvergelijker.be\/verzekeringen\/verzekeraars\/kbc","og_site_name":"Mijnvergelijker.be","article_publisher":"https:\/\/www.facebook.com\/Mijnvergelijker\/","article_modified_time":"2024-10-31T09:05:05+00:00","og_image":[{"width":2444,"height":418,"url":"https:\/\/www.mijnvergelijker.be\/wordpress\/wp-content\/uploads\/2024\/09\/Algemeen_met-slogan_NL@.png","type":"image\/png"}],"twitter_card":"summary_large_image","schema":{"@context":"https:\/\/schema.org","@graph":[{"@type":"WebPage","@id":"https:\/\/www.mijnvergelijker.be\/verzekeringen\/verzekeraars\/kbc","url":"https:\/\/www.mijnvergelijker.be\/verzekeringen\/verzekeraars\/kbc","name":"KBC - Verzekeraar - Mijnvergelijker.be","isPartOf":{"@id":"https:\/\/www.mijnvergelijker.be\/#website"},"datePublished":"2022-09-14T15:10:32+00:00","dateModified":"2024-10-31T09:05:05+00:00","description":"Wie is KBC en wat doen ze? Ontdek het hier.","breadcrumb":{"@id":"https:\/\/www.mijnvergelijker.be\/verzekeringen\/verzekeraars\/kbc#breadcrumb"},"inLanguage":"nl-BE","potentialAction":[{"@type":"ReadAction","target":["https:\/\/www.mijnvergelijker.be\/verzekeringen\/verzekeraars\/kbc"]}]},{"@type":"BreadcrumbList","@id":"https:\/\/www.mijnvergelijker.be\/verzekeringen\/verzekeraars\/kbc#breadcrumb","itemListElement":[{"@type":"ListItem","position":1,"name":"Home","item":"https:\/\/www.mijnvergelijker.be\/"},{"@type":"ListItem","position":2,"name":"Verzekeringen","item":"https:\/\/www.mijnvergelijker.be\/verzekeringen"},{"@type":"ListItem","position":3,"name":"Verzekeraars","item":"https:\/\/www.mijnvergelijker.be\/verzekeringen\/verzekeraars"},{"@type":"ListItem","position":4,"name":"KBC"}]},{"@type":"WebSite","@id":"https:\/\/www.mijnvergelijker.be\/#website","url":"https:\/\/www.mijnvergelijker.be\/","name":"MIjnvergelijker.be","description":"","publisher":{"@id":"https:\/\/www.mijnvergelijker.be\/#organization"},"potentialAction":[{"@type":"SearchAction","target":{"@type":"EntryPoint","urlTemplate":"https:\/\/www.mijnvergelijker.be\/?s={search_term_string}"},"query-input":"required name=search_term_string"}],"inLanguage":"nl-BE"},{"@type":"Organization","@id":"https:\/\/www.mijnvergelijker.be\/#organization","name":"Mijnvergelijker.be","url":"https:\/\/www.mijnvergelijker.be\/","logo":{"@type":"ImageObject","inLanguage":"nl-BE","@id":"https:\/\/www.mijnvergelijker.be\/#\/schema\/logo\/image\/","url":"https:\/\/www.mijnvergelijker.be\/wordpress\/wp-content\/uploads\/2024\/09\/Algemeen_met-slogan_NL@.png","contentUrl":"https:\/\/www.mijnvergelijker.be\/wordpress\/wp-content\/uploads\/2024\/09\/Algemeen_met-slogan_NL@.png","width":2444,"height":418,"caption":"Mijnvergelijker.be"},"image":{"@id":"https:\/\/www.mijnvergelijker.be\/#\/schema\/logo\/image\/"},"sameAs":["https:\/\/www.facebook.com\/Mijnvergelijker\/"]}]}},"_links":{"self":[{"href":"https:\/\/www.mijnvergelijker.be\/wordpress\/wp-json\/wp\/v2\/pages\/1018"}],"collection":[{"href":"https:\/\/www.mijnvergelijker.be\/wordpress\/wp-json\/wp\/v2\/pages"}],"about":[{"href":"https:\/\/www.mijnvergelijker.be\/wordpress\/wp-json\/wp\/v2\/types\/page"}],"author":[{"embeddable":true,"href":"https:\/\/www.mijnvergelijker.be\/wordpress\/wp-json\/wp\/v2\/users\/1"}],"replies":[{"embeddable":true,"href":"https:\/\/www.mijnvergelijker.be\/wordpress\/wp-json\/wp\/v2\/comments?post=1018"}],"version-history":[{"count":1,"href":"https:\/\/www.mijnvergelijker.be\/wordpress\/wp-json\/wp\/v2\/pages\/1018\/revisions"}],"predecessor-version":[{"id":10248,"href":"https:\/\/www.mijnvergelijker.be\/wordpress\/wp-json\/wp\/v2\/pages\/1018\/revisions\/10248"}],"up":[{"embeddable":true,"href":"https:\/\/www.mijnvergelijker.be\/wordpress\/wp-json\/wp\/v2\/pages\/731"}],"wp:attachment":[{"href":"https:\/\/www.mijnvergelijker.be\/wordpress\/wp-json\/wp\/v2\/media?parent=1018"}],"curies":[{"name":"wp","href":"https:\/\/api.w.org\/{rel}","templated":true}]}}