{"id":14153,"date":"2025-07-03T08:00:00","date_gmt":"2025-07-03T06:00:00","guid":{"rendered":"https:\/\/www.mijnvergelijker.be\/?page_id=14153"},"modified":"2025-07-28T13:55:49","modified_gmt":"2025-07-28T11:55:49","slug":"afi-esca","status":"publish","type":"page","link":"https:\/\/www.mijnvergelijker.be\/verzekeringen\/verzekeraars\/afi-esca","title":{"rendered":"Afi Esca"},"content":{"rendered":"\n<section id=\"heroes-text-block_6334384cf69b2\" class=\"heroes-text hero hero--text\">\n    <div class=\"container\">\n                    <h1 class=\"heading-xl mb-md-40\">Afi Esca<\/h1>\n                <div class=\"wysiwyg body-lg mb-md-40\">\n            <p>\n            Afi Esca is een gespecialiseerde verzekeraar die zich op de Belgische markt volledig toelegt op het beschermen van gezinnen en hun leningen. Vanuit hun Belgische hoofdkantoor in Eigenbrakel bieden ze een product aan dat voor veel mensen essentieel is bij de aankoop van een woning: de schuldsaldoverzekering. Daarnaast kan je via Afi Esca ook je consumenten- en autokrediet verzekeren. Dankzij hun focus en expertise kunnen ze vaak scherpere tarieven en heldere voorwaarden aanbieden dan traditionele bankverzekeraars.\r\n            <\/p>\n        <\/div>\n                    <div class=\"button-container\">\n                <a href=\"https:\/\/www.mijnvergelijker.be\/schuldsaldoverzekering\" class=\"button button--primary \" type=\"primary\">\n                    <span class=\"d-flex align-items-center\">\n                        Schuldsaldoverzekeringen vergelijken                        <svg xmlns=\"http:\/\/www.w3.org\/2000\/svg\" width=\"22\" height=\"22\" viewBox=\"0 0 24 24\" fill=\"none\" class=\"arrow-right\"><path d=\"M5 12H19\" stroke-width=\"2\" stroke-linecap=\"round\" stroke-linejoin=\"round\"\/><path d=\"M12 5L19 12L12 19\" stroke-width=\"2\" stroke-linecap=\"round\" stroke-linejoin=\"round\"\/><\/svg>                    <\/span>\n                <\/a>\n            <\/div>\n                        <\/section>\n\n\n    <style>\r\n        html {\r\n            scroll-behavior: smooth;\r\n        }\r\n    <\/style>\r\n\r\n            <section class=\"section\">\r\n        <div class=\"container article-smooth\">\r\n        <div class=\"row\">\r\n        <div class=\"col-12 col-md-6 col-lg-8\" id=\"main-article\"  data-anchor-class=\"title\" >\r\n                <!-- <section class=\"section\"> -->\r\n        <div id=\"article-block_63343858f69b3\"\r\n         class=\"article \">\r\n                                            <h2 class=\"title\" id=\"oprichting-van-afi-esca\">Oprichting van Afi Esca<\/h2>\r\n                                                                        <!-- <div class=\"articleblock\"> -->\r\n                                                                            <p><span style=\"font-weight: 400;\">De oprichting van Afi Esca start in 1923 toen in Straatsburg de verzekeringsmaatschappij Esca (voluit Est Capitalisation) werd opgericht. Bijna een eeuw lang bouwt het bedrijf een goede reputatie op in Frankrijk als expert in levensverzekeringen en spaaroplossingen.<\/span><\/p>\n<p><span style=\"font-weight: 400;\">In 2010 fuseert Esca met AFI Europe. De fusie zorgde voor de huidige naam Afi Esca. De stap naar Belgi\u00eb werd al in 2008 gezet. Dit betekent dat Afi Esca, onder toezicht staat van de Nationale Bank van Belgi\u00eb (NBB), als ook de FSMA (Autoriteit voor Financi\u00eble Diensten en Markten). Dit garandeert dat ze voldoen aan de strenge Belgische wetgeving.<\/span><\/p>\n<p><span style=\"font-weight: 400;\">Afi Esca verdeelt zijn producten in Belgi\u00eb via professionele en onafhankelijke verzekeringsmakelaars. Zo reken je als klant steeds op persoonlijk en onpartijdig advies.<\/span><\/p>\n                                                <!-- <\/div> -->\r\n                                                                                                    <h2 class=\"title\" id=\"contact--hoofdkantoor\">Contact &#038; hoofdkantoor<\/h2>\r\n                                                                        <!-- <div class=\"articleblock\"> -->\r\n                                                                            <p><span style=\"font-weight: 400;\">Het Belgische hoofdkantoor van Afi Esca is gevestigd in Eigenbrakel.<\/span><\/p>\n<ul>\n<li style=\"font-weight: 400;\" aria-level=\"1\"><b>Adres<\/b><span style=\"font-weight: 400;\">: Chauss\u00e9e de Nivelles 81, 1420 Eigenbrakel<\/span><\/li>\n<li style=\"font-weight: 400;\" aria-level=\"1\"><b>E-mailadres:<\/b><span style=\"font-weight: 400;\"> contact.belgique@afi-esca.com<\/span><\/li>\n<li style=\"font-weight: 400;\" aria-level=\"1\"><b>Telefoon:<\/b><span style=\"font-weight: 400;\"> 02\/388.01.80<\/span><\/li>\n<\/ul>\n                                                <!-- <\/div> -->\r\n                                                                                                    <h2 class=\"title\" id=\"waarom-kiezen-voor-afi-esca-de-voordelen-op-een-rij\">Waarom kiezen voor Afi Esca? De voordelen op een rij<\/h2>\r\n                                                                        <!-- <div class=\"articleblock\"> -->\r\n                                                                            <p><span style=\"font-weight: 400;\">De keuze voor een verzekeraar is belangrijk. Dit zijn de sterke punten van Afi Esca:<\/span><\/p>\n<ul>\n<li style=\"font-weight: 400;\" aria-level=\"1\"><b>Onafhankelijk en flexibel:<\/b><span style=\"font-weight: 400;\"> Afi Esca is geen bank. Je verzekering staat volledig los van je hypothecaire lening. Dit geeft je de vrijheid om te veranderen van bank of je lening te herfinancieren, zonder dat dit gevolgen heeft voor je schuldsaldoverzekering.\u00a0<\/span><\/li>\n<li style=\"font-weight: 400;\" aria-level=\"1\"><b>Concurrenti\u00eble tarieven:<\/b><span style=\"font-weight: 400;\"> Afi Esca is een specialist op vlak van schuldsaldoverzekeringen. Hierdoor kan hij de risico\u2019s vaak goed inschatten. Dit zorgt voor scherpere tarieven, zeker voor jonge niet-rokers met een gezonde levensstijl.\u00a0<\/span><\/li>\n<li style=\"font-weight: 400;\" aria-level=\"1\"><b>Transparantie:<\/b><span style=\"font-weight: 400;\"> geen verborgen kosten of complexe voorwaarden. Je kan de infofiche per product vinden op hun website.\u00a0<\/span><\/li>\n<li style=\"font-weight: 400;\" aria-level=\"1\"><b>Sterke financi\u00eble basis en zekerheid:<\/b><span style=\"font-weight: 400;\"> met een geschiedenis die teruggaat tot 1923 en als onderdeel van de Burrus Groep, biedt Afi Esca de financi\u00eble zekerheid en betrouwbaarheid die je zoekt voor een langetermijnengagement.<\/span><\/li>\n<\/ul>\n                                                <!-- <\/div> -->\r\n                                                                                                    <h2 class=\"title\" id=\"de-producten-van-afi-esca\">De producten van Afi Esca<\/h2>\r\n                                                                        <!-- <div class=\"articleblock\"> -->\r\n                                                                            <p><span style=\"font-weight: 400;\">Afi Esca specialiseert zich in \u00e9\u00e9n product: de schuldsaldoverzekering. Of je nu een huis koopt, een persoonlijke lening aangaat of een auto financiert, Afi Esca biedt verschillende verzekeringen aan om jou en je gezin te beschermen. Ontdek hieronder de belangrijkste producten.<\/span><\/p>\n                                                <!-- <\/div> -->\r\n                                            <!-- <div class=\"articleblock\"> -->\r\n                        <h3 class=\"heading heading--three heading-md subtitle\" id=\"protectim-de-schuldsaldoverzekering-voor-je-woonkrediet\" >Protectim: de schuldsaldoverzekering voor je woonkrediet<\/h3>                                                    <p><span style=\"font-weight: 400;\">Koop je een huis? Dan is een woonkrediet een grote stap. Protectim is de schuldsaldoverzekering van Afi Esca die ervoor zorgt dat je partner of familie de lening niet alleen hoeft af te betalen als jij er niet meer bent.\u00a0<\/span><\/p>\n<ul>\n<li style=\"font-weight: 400;\" aria-level=\"1\"><b>Voor elk type lening:<\/b><span style=\"font-weight: 400;\"> geschikt voor de aankoop van je eigen woning, een investeringspand of een lening voor je zaak.<\/span><\/li>\n<li style=\"font-weight: 400;\" aria-level=\"1\"><b>Leeftijd:<\/b><span style=\"font-weight: 400;\"> je kan deze verzekering afsluiten vanaf 18 tot 74 jaar.<\/span><\/li>\n<li style=\"font-weight: 400;\" aria-level=\"1\"><b>Flexibele premies:<\/b><span style=\"font-weight: 400;\"> kies zelf hoe je betaalt: met een eenmalige premie, een vaste premie gedurende de hele looptijd of variabele een premie.\u00a0<\/span><\/li>\n<li style=\"font-weight: 400;\" aria-level=\"1\"><b>Extra bescherming mogelijk:<\/b><span style=\"font-weight: 400;\"> je kan een extra dekking toevoegen in geval van volledige tijdelijke of blijvende arbeidsongeschiktheid. Zolang je niet kan werken, betaalt de verzekering, na een wachttijd van 90 dagen, elke maand de aflossing van je lening. Dit geldt enkel als je een bepaalde baan had op het moment dat je ziek werd of een ongeval had. Als je al met pensioen was, komt de verzekering niet tussen. Bij blijvende arbeidsongeschikheid betaalt de verzekering het bedrag van de lening dat je op dat moment nog moet terugbetalen.<\/span><\/li>\n<li style=\"font-weight: 400;\" aria-level=\"1\"><strong>Ex<\/strong><b>tra dekking: <\/b>bij overlijden van de verzekerde betaalt Afi Esca een extra kapitaal van 3.000 euro uit wanneer het verzekerde kapitaal hoger is dan 100.000 euro. Deze extra dekking is inbegrepen in de premie, je betaalt hiervoor dus geen euro meer.<\/li>\n<\/ul>\n                                                <!-- <\/div> -->\r\n                                            <!-- <div class=\"articleblock\"> -->\r\n                        <h3 class=\"heading heading--three heading-md subtitle\" id=\"crdit-conso-zekerheid-voor-je-persoonlijke-lening\" >Cr\u00e9dit Conso: zekerheid voor je persoonlijke lening<\/h3>                                                    <p><span style=\"font-weight: 400;\">Cr\u00e9dit Conso is een individuele levensverzekering die het openstaande bedrag van een persoonlijke lening op afbetaling dekt als je overlijdt.<\/span><\/p>\n<ul>\n<li style=\"font-weight: 400;\" aria-level=\"1\"><b>Ruime dekking:<\/b><span style=\"font-weight: 400;\"> Cr\u00e9dit Conso dekt per verzekerde persoonlijke leningen tot 100.000 euro.\u00a0<\/span><\/li>\n<li style=\"font-weight: 400;\" aria-level=\"1\"><b>Eenvoudig af te sluiten:<\/b><span style=\"font-weight: 400;\"> je moet geen medische vragenlijst invullen. Een verklaring van goede gezondheid is voldoende.\u00a0<\/span><\/li>\n<li style=\"font-weight: 400;\" aria-level=\"1\"><b>Leeftijd:<\/b><span style=\"font-weight: 400;\"> je kan intekenen van 18 tot 69 jaar, met een overlijdensdekking tot 75 jaar.<\/span><\/li>\n<li style=\"font-weight: 400;\" aria-level=\"1\"><b>Extra bescherming mogelijk:<\/b><span style=\"font-weight: 400;\"> je kan een extra dekking toevoegen die tussenkomt in geval van tijdelijke of blijvende arbeidsongeschiktheid.\u00a0<\/span><\/li>\n<\/ul>\n                                                <!-- <\/div> -->\r\n                                            <!-- <div class=\"articleblock\"> -->\r\n                        <h3 class=\"heading heading--three heading-md subtitle\" id=\"prvicar-de-verzekering-voor-je-autolening\" >Pr\u00e9vicar: de verzekering voor je autolening<\/h3>                                                    <p><span style=\"font-weight: 400;\">Als jou iets overkomt, betaatl Pr\u00e9vicar het resterende bedrag van je autolening terug aan de bank. Zo laat je geen schulden na.<\/span><\/p>\n<ul>\n<li style=\"font-weight: 400;\" aria-level=\"1\"><b>Complete waarborg:<\/b><span style=\"font-weight: 400;\"> Pr\u00e9vicar dekt het volledige geleende bedrag van je autolening\u00a0 tot 100.000 euro.\u00a0<\/span><\/li>\n<li style=\"font-weight: 400;\" aria-level=\"1\"><b>Eenvoudig af te sluiten:<\/b><span style=\"font-weight: 400;\"> je moet geen medische vragenlijst invullen. Een verklaring van goede gezondheid is voldoende.\u00a0<\/span><\/li>\n<li style=\"font-weight: 400;\" aria-level=\"1\"><b>Inclusief eindwaarde:<\/b><span style=\"font-weight: 400;\"> ook de laatste, grotere afbetaling (de eindwaarde) van je financiering is gedekt. De eindwaarde is eigenlijk de restwaarde van je auto. Dit is een schatting van hoeveel de auto nog waard zal zijn aan het einde van de leenperiode. De eindwaarde wordt bepaald wanneer je je autolening afsluit.<\/span><\/li>\n<\/ul>\n<p><b>Flexibele betaling:<\/b><span style=\"font-weight: 400;\"> betaal je premie zoals het jou het beste uitkomt: maandelijks, per kwartaal, halfjaarlijks of jaarlijks.<\/span><\/p>\n                                                <!-- <\/div> -->\r\n                                                                    <\/div>\r\n    <br>\r\n        <\/div>\r\n\r\n    <div class=\"col-12 col-md-6 col-lg-4\">\r\n                <div class=\"sticky\">\r\n            <div class=\"summary summary--anchors\">\r\n                <div id=\"summary-anchors\">\r\n                                            <h3>Inhoudsopgave<\/h3>\r\n                                    <\/div>\r\n            <\/div>\r\n            <div class=\"summary summary--links\">\r\n                <div class=\"summary--links-list\">\r\n                                            <h3>Lees ook meer over<\/h3>\r\n                                        <a class=\"summary--links-list--link\" href=\"https:\/\/www.mijnvergelijker.be\/verzekeringen\/verzekeraars\"><span>Overzicht van onze verzekeraars<\/span><\/a><a class=\"summary--links-list--link\" href=\"https:\/\/www.mijnvergelijker.be\/schuldsaldoverzekering\"><span>schuldsaldoverzekeringen vergelijken<\/span><\/a><a class=\"summary--links-list--link\" href=\"\"><span><\/span><\/a>                <\/div>\r\n            <\/div>\r\n        <\/div>\r\n    <\/div>\r\n\r\n    <\/div>\r\n    <\/div>\r\n    <!-- <\/section> -->\r\n        <\/section>\r\n\n\n\n<section id=\"heroes-simple-block_6866730189ad9\" class=\"heroes-simple hero hero--simple\">\n    <div class=\"container\">\n                <h2 class=\"heading-lg\">Schuldsaldoverzekering afsluiten bij Afi Esca<\/h2>\n                <div class=\"wysiwyg wysiwyg--narrow body-lg\">\n                        <p>\n                <p><span style=\"font-weight: 400;\">Ben je overtuigd van het belang van een goede schuldsaldoverzekering? Vergelijk dan de verschillende verzekeraars via Mijnvergelijker.be. Zo vind je eenvoudig en snel een verzekering die past bij je persoonlijke situatie en bespaar je misschien wel tot honderden euro&#8217;s.<\/span><\/p>\n            <\/p>\n                    <\/div>\n                    <div class=\"m-b-20\">\n                <a href=\"https:\/\/www.mijnvergelijker.be\/schuldsaldoverzekering\" class=\"button button--primary\" type=\"primary\">\n                    <span class=\"d-flex align-items-center\">\n                        Schuldsaldoverzekering vergelijken                        <svg xmlns=\"http:\/\/www.w3.org\/2000\/svg\" width=\"22\" height=\"22\" viewBox=\"0 0 24 24\" fill=\"none\" class=\"arrow-right\"><path d=\"M5 12H19\" stroke-width=\"2\" stroke-linecap=\"round\" stroke-linejoin=\"round\"\/><path d=\"M12 5L19 12L12 19\" stroke-width=\"2\" stroke-linecap=\"round\" stroke-linejoin=\"round\"\/><\/svg>                    <\/span>\n                <\/a>\n            <\/div>\n                    <\/div>\n<\/section>\n\n","protected":false},"excerpt":{"rendered":"","protected":false},"author":8,"featured_media":0,"parent":731,"menu_order":0,"comment_status":"closed","ping_status":"closed","template":"","meta":{"footnotes":""},"class_list":["post-14153","page","type-page","status-publish","hentry"],"acf":[],"yoast_head":"<!-- This site is optimized with the Yoast SEO Premium plugin v23.4 (Yoast SEO v23.4) - https:\/\/yoast.com\/wordpress\/plugins\/seo\/ -->\n<title>Afi Esca - Verzekeraars - Mijnvergelijker.be<\/title>\n<meta name=\"description\" content=\"Op zoek naar een schuldsaldoverzekering? Ontdek Afi Esca als jouw betrouwbare verzekeraar en sluit je schuldsaldoverzekering af.\" \/>\n<meta name=\"robots\" content=\"index, follow, max-snippet:-1, max-image-preview:large, max-video-preview:-1\" \/>\n<link rel=\"canonical\" href=\"https:\/\/www.mijnvergelijker.be\/verzekeringen\/verzekeraars\/afi-esca\" \/>\n<meta property=\"og:locale\" content=\"nl_BE\" \/>\n<meta property=\"og:type\" content=\"article\" \/>\n<meta property=\"og:title\" content=\"Afi Esca\" \/>\n<meta property=\"og:description\" content=\"Op zoek naar een schuldsaldoverzekering? Ontdek Afi Esca als jouw betrouwbare verzekeraar en sluit je schuldsaldoverzekering af.\" \/>\n<meta property=\"og:url\" content=\"https:\/\/www.mijnvergelijker.be\/verzekeringen\/verzekeraars\/afi-esca\" \/>\n<meta property=\"og:site_name\" content=\"Mijnvergelijker.be\" \/>\n<meta property=\"article:publisher\" content=\"https:\/\/www.facebook.com\/Mijnvergelijker\/\" \/>\n<meta property=\"article:modified_time\" content=\"2025-07-28T11:55:49+00:00\" \/>\n<meta property=\"og:image\" content=\"https:\/\/www.mijnvergelijker.be\/wordpress\/wp-content\/uploads\/2024\/09\/Algemeen_met-slogan_NL@.png\" \/>\n\t<meta property=\"og:image:width\" content=\"2444\" \/>\n\t<meta property=\"og:image:height\" content=\"418\" \/>\n\t<meta property=\"og:image:type\" content=\"image\/png\" \/>\n<meta name=\"twitter:card\" content=\"summary_large_image\" \/>\n<script type=\"application\/ld+json\" class=\"yoast-schema-graph\">{\"@context\":\"https:\/\/schema.org\",\"@graph\":[{\"@type\":\"WebPage\",\"@id\":\"https:\/\/www.mijnvergelijker.be\/verzekeringen\/verzekeraars\/afi-esca\",\"url\":\"https:\/\/www.mijnvergelijker.be\/verzekeringen\/verzekeraars\/afi-esca\",\"name\":\"Afi Esca - Verzekeraars - Mijnvergelijker.be\",\"isPartOf\":{\"@id\":\"https:\/\/www.mijnvergelijker.be\/#website\"},\"datePublished\":\"2025-07-03T06:00:00+00:00\",\"dateModified\":\"2025-07-28T11:55:49+00:00\",\"description\":\"Op zoek naar een schuldsaldoverzekering? Ontdek Afi Esca als jouw betrouwbare verzekeraar en sluit je schuldsaldoverzekering af.\",\"breadcrumb\":{\"@id\":\"https:\/\/www.mijnvergelijker.be\/verzekeringen\/verzekeraars\/afi-esca#breadcrumb\"},\"inLanguage\":\"nl-BE\",\"potentialAction\":[{\"@type\":\"ReadAction\",\"target\":[\"https:\/\/www.mijnvergelijker.be\/verzekeringen\/verzekeraars\/afi-esca\"]}]},{\"@type\":\"BreadcrumbList\",\"@id\":\"https:\/\/www.mijnvergelijker.be\/verzekeringen\/verzekeraars\/afi-esca#breadcrumb\",\"itemListElement\":[{\"@type\":\"ListItem\",\"position\":1,\"name\":\"Home\",\"item\":\"https:\/\/www.mijnvergelijker.be\/\"},{\"@type\":\"ListItem\",\"position\":2,\"name\":\"Verzekeringen\",\"item\":\"https:\/\/www.mijnvergelijker.be\/verzekeringen\"},{\"@type\":\"ListItem\",\"position\":3,\"name\":\"Verzekeraars\",\"item\":\"https:\/\/www.mijnvergelijker.be\/verzekeringen\/verzekeraars\"},{\"@type\":\"ListItem\",\"position\":4,\"name\":\"Afi Esca\"}]},{\"@type\":\"WebSite\",\"@id\":\"https:\/\/www.mijnvergelijker.be\/#website\",\"url\":\"https:\/\/www.mijnvergelijker.be\/\",\"name\":\"MIjnvergelijker.be\",\"description\":\"\",\"publisher\":{\"@id\":\"https:\/\/www.mijnvergelijker.be\/#organization\"},\"potentialAction\":[{\"@type\":\"SearchAction\",\"target\":{\"@type\":\"EntryPoint\",\"urlTemplate\":\"https:\/\/www.mijnvergelijker.be\/?s={search_term_string}\"},\"query-input\":\"required name=search_term_string\"}],\"inLanguage\":\"nl-BE\"},{\"@type\":\"Organization\",\"@id\":\"https:\/\/www.mijnvergelijker.be\/#organization\",\"name\":\"Mijnvergelijker.be\",\"url\":\"https:\/\/www.mijnvergelijker.be\/\",\"logo\":{\"@type\":\"ImageObject\",\"inLanguage\":\"nl-BE\",\"@id\":\"https:\/\/www.mijnvergelijker.be\/#\/schema\/logo\/image\/\",\"url\":\"https:\/\/www.mijnvergelijker.be\/wordpress\/wp-content\/uploads\/2024\/09\/Algemeen_met-slogan_NL@.png\",\"contentUrl\":\"https:\/\/www.mijnvergelijker.be\/wordpress\/wp-content\/uploads\/2024\/09\/Algemeen_met-slogan_NL@.png\",\"width\":2444,\"height\":418,\"caption\":\"Mijnvergelijker.be\"},\"image\":{\"@id\":\"https:\/\/www.mijnvergelijker.be\/#\/schema\/logo\/image\/\"},\"sameAs\":[\"https:\/\/www.facebook.com\/Mijnvergelijker\/\"]}]}<\/script>\n<!-- \/ Yoast SEO Premium plugin. -->","yoast_head_json":{"title":"Afi Esca - Verzekeraars - Mijnvergelijker.be","description":"Op zoek naar een schuldsaldoverzekering? Ontdek Afi Esca als jouw betrouwbare verzekeraar en sluit je schuldsaldoverzekering af.","robots":{"index":"index","follow":"follow","max-snippet":"max-snippet:-1","max-image-preview":"max-image-preview:large","max-video-preview":"max-video-preview:-1"},"canonical":"https:\/\/www.mijnvergelijker.be\/verzekeringen\/verzekeraars\/afi-esca","og_locale":"nl_BE","og_type":"article","og_title":"Afi Esca","og_description":"Op zoek naar een schuldsaldoverzekering? Ontdek Afi Esca als jouw betrouwbare verzekeraar en sluit je schuldsaldoverzekering af.","og_url":"https:\/\/www.mijnvergelijker.be\/verzekeringen\/verzekeraars\/afi-esca","og_site_name":"Mijnvergelijker.be","article_publisher":"https:\/\/www.facebook.com\/Mijnvergelijker\/","article_modified_time":"2025-07-28T11:55:49+00:00","og_image":[{"width":2444,"height":418,"url":"https:\/\/www.mijnvergelijker.be\/wordpress\/wp-content\/uploads\/2024\/09\/Algemeen_met-slogan_NL@.png","type":"image\/png"}],"twitter_card":"summary_large_image","schema":{"@context":"https:\/\/schema.org","@graph":[{"@type":"WebPage","@id":"https:\/\/www.mijnvergelijker.be\/verzekeringen\/verzekeraars\/afi-esca","url":"https:\/\/www.mijnvergelijker.be\/verzekeringen\/verzekeraars\/afi-esca","name":"Afi Esca - Verzekeraars - Mijnvergelijker.be","isPartOf":{"@id":"https:\/\/www.mijnvergelijker.be\/#website"},"datePublished":"2025-07-03T06:00:00+00:00","dateModified":"2025-07-28T11:55:49+00:00","description":"Op zoek naar een schuldsaldoverzekering? Ontdek Afi Esca als jouw betrouwbare verzekeraar en sluit je schuldsaldoverzekering af.","breadcrumb":{"@id":"https:\/\/www.mijnvergelijker.be\/verzekeringen\/verzekeraars\/afi-esca#breadcrumb"},"inLanguage":"nl-BE","potentialAction":[{"@type":"ReadAction","target":["https:\/\/www.mijnvergelijker.be\/verzekeringen\/verzekeraars\/afi-esca"]}]},{"@type":"BreadcrumbList","@id":"https:\/\/www.mijnvergelijker.be\/verzekeringen\/verzekeraars\/afi-esca#breadcrumb","itemListElement":[{"@type":"ListItem","position":1,"name":"Home","item":"https:\/\/www.mijnvergelijker.be\/"},{"@type":"ListItem","position":2,"name":"Verzekeringen","item":"https:\/\/www.mijnvergelijker.be\/verzekeringen"},{"@type":"ListItem","position":3,"name":"Verzekeraars","item":"https:\/\/www.mijnvergelijker.be\/verzekeringen\/verzekeraars"},{"@type":"ListItem","position":4,"name":"Afi Esca"}]},{"@type":"WebSite","@id":"https:\/\/www.mijnvergelijker.be\/#website","url":"https:\/\/www.mijnvergelijker.be\/","name":"MIjnvergelijker.be","description":"","publisher":{"@id":"https:\/\/www.mijnvergelijker.be\/#organization"},"potentialAction":[{"@type":"SearchAction","target":{"@type":"EntryPoint","urlTemplate":"https:\/\/www.mijnvergelijker.be\/?s={search_term_string}"},"query-input":"required name=search_term_string"}],"inLanguage":"nl-BE"},{"@type":"Organization","@id":"https:\/\/www.mijnvergelijker.be\/#organization","name":"Mijnvergelijker.be","url":"https:\/\/www.mijnvergelijker.be\/","logo":{"@type":"ImageObject","inLanguage":"nl-BE","@id":"https:\/\/www.mijnvergelijker.be\/#\/schema\/logo\/image\/","url":"https:\/\/www.mijnvergelijker.be\/wordpress\/wp-content\/uploads\/2024\/09\/Algemeen_met-slogan_NL@.png","contentUrl":"https:\/\/www.mijnvergelijker.be\/wordpress\/wp-content\/uploads\/2024\/09\/Algemeen_met-slogan_NL@.png","width":2444,"height":418,"caption":"Mijnvergelijker.be"},"image":{"@id":"https:\/\/www.mijnvergelijker.be\/#\/schema\/logo\/image\/"},"sameAs":["https:\/\/www.facebook.com\/Mijnvergelijker\/"]}]}},"_links":{"self":[{"href":"https:\/\/www.mijnvergelijker.be\/wordpress\/wp-json\/wp\/v2\/pages\/14153"}],"collection":[{"href":"https:\/\/www.mijnvergelijker.be\/wordpress\/wp-json\/wp\/v2\/pages"}],"about":[{"href":"https:\/\/www.mijnvergelijker.be\/wordpress\/wp-json\/wp\/v2\/types\/page"}],"author":[{"embeddable":true,"href":"https:\/\/www.mijnvergelijker.be\/wordpress\/wp-json\/wp\/v2\/users\/8"}],"replies":[{"embeddable":true,"href":"https:\/\/www.mijnvergelijker.be\/wordpress\/wp-json\/wp\/v2\/comments?post=14153"}],"version-history":[{"count":8,"href":"https:\/\/www.mijnvergelijker.be\/wordpress\/wp-json\/wp\/v2\/pages\/14153\/revisions"}],"predecessor-version":[{"id":14189,"href":"https:\/\/www.mijnvergelijker.be\/wordpress\/wp-json\/wp\/v2\/pages\/14153\/revisions\/14189"}],"up":[{"embeddable":true,"href":"https:\/\/www.mijnvergelijker.be\/wordpress\/wp-json\/wp\/v2\/pages\/731"}],"wp:attachment":[{"href":"https:\/\/www.mijnvergelijker.be\/wordpress\/wp-json\/wp\/v2\/media?parent=14153"}],"curies":[{"name":"wp","href":"https:\/\/api.w.org\/{rel}","templated":true}]}}